{"id":1183,"date":"2022-03-17T11:50:23","date_gmt":"2022-03-17T10:50:23","guid":{"rendered":"https:\/\/www.ardemusquartet.com\/?page_id=1183"},"modified":"2025-10-21T14:51:57","modified_gmt":"2025-10-21T12:51:57","slug":"ardemus-foundation","status":"publish","type":"page","link":"https:\/\/www.ardemusquartet.com\/de\/ardemus-foundation\/","title":{"rendered":"Ardemus Foundation"},"content":{"rendered":"<p><\/p>\n<p>Kontakt:<br \/>\n<a href=\"mailto:stichting@ardemusquartet.com\">stichting@ardemusquartet.com<\/a><\/p>\n<p>Vorstandsmitglieder:<br \/>\nClaartje Gieben \u2013 Vorsitzende\u00a0<br \/>\nIngeborg Kanij \u2013 Sekret\u00e4rin<br \/>\nJan Cramer \u2013 Schatzmeister<\/p>\n<p>Zielsetzung:<br \/>\na. Organisation und\/oder Durchf\u00fchrung von Konzerten, musikalischen und\/oder Musikvermittlungsprojekte, insbesondere, aber nicht ausschliesslich f\u00fcr das Ardemus Quartett;<br \/>\nb. F\u00f6rderung (oder Veranlassung der F\u00f6rderung) der klassischen und zeitgen\u00f6ssischen Musik, insbesondere<br \/>\naber nicht ausschlie\u00dflich f\u00fcr Saxophone;<br \/>\nc. die F\u00f6rderung oder Veranlassung der F\u00f6rderung klassischer und zeitgen\u00f6ssischer Musik in multidisziplin\u00e4ren Kooperationen;<br \/>\nd. die Vornahme aller sonstigen Handlungen, die mit dem Vorstehenden im weitesten Sinne des Wortes<br \/>\nZusammenhang stehen oder den oben genannten Zielen im weitesten Sinne f\u00f6rderlich sind.<\/p>\n<p>Die Verwaltungsratsmitglieder erhalten keine Verg\u00fctung f\u00fcr ihre T\u00e4tigkeit im Verwaltungsrat.<\/p>\n<p>Alle Aktivit\u00e4ten des Ardemus-Quartetts sind per 8. Oktober 2024 auf die Stichting Ardemus \u00fcbertragen worden.<\/p>\n<p>Die Stichting Ardemus ist in den Niederlanden als kulturelle gemeinn\u00fctzige Organisation (<a href=\"https:\/\/www.ardemusquartet.com\/wp-content\/uploads\/2025\/05\/ANBI-status-.pdf\" target=\"_blank\" rel=\"noopener\">ANBI<\/a>) anerkannt.<\/p>\n<p>Handelskammer: 54822068<br \/>\nRSIN: 851453624<br \/>\nBankverbindung: NL50 RABO 0127 9530 19<br \/>\nMwSt: NL851453624B01<\/p>\n<p><a href=\"https:\/\/www.ardemusquartet.com\/wp-content\/uploads\/2025\/07\/J-a-a-r-v-e-r-s-l-a-g-2024-def-getekend.pdf\">Jahresbericht Stichting Ardemus 2024<\/a><\/p>\n<p><a href=\"https:\/\/www.ardemusquartet.com\/wp-content\/uploads\/2024\/06\/J-a-a-r-v-e-r-s-l-a-g-2023-niet-ondertekend.pdf\" target=\"_blank\" rel=\"noopener\">Jahresbericht Stichting Ardemus 2023<\/a><\/p>\n<p><a href=\"https:\/\/www.ardemusquartet.com\/wp-content\/uploads\/2025\/04\/2025-03-31-Definitief-Beleidsplan-2025-2029-Ardemus-3-def.pdf\" target=\"_blank\" rel=\"noopener\">Strategieplan Stichting Ardemus 2025-2029<\/a><\/p>\n<p><a href=\"https:\/\/www.ardemusquartet.com\/wp-content\/uploads\/2025\/10\/Stichting-Ardemus-Quartet-codes-.pdf\" target=\"_blank\" rel=\"noopener\">Codes Stichting Ardemus\u00a0<\/a><\/p>\n<p><\/p>","protected":false},"excerpt":{"rendered":"<p>Kontakt: stichting@ardemusquartet.com Vorstandsmitglieder: Claartje Gieben \u2013 Vorsitzende\u00a0 Ingeborg Kanij \u2013 Sekret\u00e4rin Jan Cramer \u2013 Schatzmeister Zielsetzung: a. Organisation und\/oder Durchf\u00fchrung von Konzerten, musikalischen und\/oder Musikvermittlungsprojekte, insbesondere, aber nicht ausschliesslich f\u00fcr das Ardemus Quartett; b. F\u00f6rderung (oder Veranlassung der F\u00f6rderung) der &hellip; <a href=\"https:\/\/www.ardemusquartet.com\/de\/ardemus-foundation\/\"><em>Lees verder<span class=\"meta-nav\">&#8230;<\/span><\/em><\/a><\/em><\/p>\n","protected":false},"author":1,"featured_media":0,"parent":0,"menu_order":0,"comment_status":"closed","ping_status":"closed","template":"","meta":{"_acf_changed":false,"footnotes":""},"class_list":["post-1183","page","type-page","status-publish","hentry"],"acf":[],"yoast_head":"<!-- This site is optimized with the Yoast SEO plugin v25.9 - https:\/\/yoast.com\/wordpress\/plugins\/seo\/ -->\n<title>Ardemus Quartet - Ardemus Foundation<\/title>\n<meta name=\"robots\" content=\"index, follow, max-snippet:-1, max-image-preview:large, max-video-preview:-1\" \/>\n<link rel=\"canonical\" href=\"https:\/\/www.ardemusquartet.com\/de\/ardemus-foundation\/\" \/>\n<meta property=\"og:locale\" content=\"de_DE\" \/>\n<meta property=\"og:type\" content=\"article\" \/>\n<meta property=\"og:title\" content=\"Ardemus Quartet - Ardemus Foundation\" \/>\n<meta property=\"og:description\" content=\"Kontakt: stichting@ardemusquartet.com Vorstandsmitglieder: Claartje Gieben \u2013 Vorsitzende\u00a0 Ingeborg Kanij \u2013 Sekret\u00e4rin Jan Cramer \u2013 Schatzmeister Zielsetzung: a. Organisation und\/oder Durchf\u00fchrung von Konzerten, musikalischen und\/oder Musikvermittlungsprojekte, insbesondere, aber nicht ausschliesslich f\u00fcr das Ardemus Quartett; b. F\u00f6rderung (oder Veranlassung der F\u00f6rderung) der &hellip; Lees verder...\" \/>\n<meta property=\"og:url\" content=\"https:\/\/www.ardemusquartet.com\/de\/ardemus-foundation\/\" \/>\n<meta property=\"og:site_name\" content=\"Ardemus Quartet\" \/>\n<meta property=\"article:modified_time\" content=\"2025-10-21T12:51:57+00:00\" \/>\n<meta property=\"og:image\" content=\"https:\/\/www.ardemusquartet.com\/wp-content\/uploads\/2021\/03\/screenshot.jpg\" \/>\n\t<meta property=\"og:image:width\" content=\"1600\" \/>\n\t<meta property=\"og:image:height\" content=\"900\" \/>\n\t<meta property=\"og:image:type\" content=\"image\/jpeg\" \/>\n<meta name=\"twitter:card\" content=\"summary_large_image\" \/>\n<meta name=\"twitter:label1\" content=\"Gesch\u00e4tzte Lesezeit\" \/>\n\t<meta name=\"twitter:data1\" content=\"1\u00a0Minute\" \/>\n<script type=\"application\/ld+json\" class=\"yoast-schema-graph\">{\"@context\":\"https:\/\/schema.org\",\"@graph\":[{\"@type\":\"WebPage\",\"@id\":\"https:\/\/www.ardemusquartet.com\/de\/ardemus-foundation\/\",\"url\":\"https:\/\/www.ardemusquartet.com\/de\/ardemus-foundation\/\",\"name\":\"Ardemus Quartet - Ardemus Foundation\",\"isPartOf\":{\"@id\":\"https:\/\/www.ardemusquartet.com\/de\/#website\"},\"datePublished\":\"2022-03-17T10:50:23+00:00\",\"dateModified\":\"2025-10-21T12:51:57+00:00\",\"inLanguage\":\"de\",\"potentialAction\":[{\"@type\":\"ReadAction\",\"target\":[[\"https:\/\/www.ardemusquartet.com\/de\/ardemus-foundation\/\"]]}]},{\"@type\":\"WebSite\",\"@id\":\"https:\/\/www.ardemusquartet.com\/de\/#website\",\"url\":\"https:\/\/www.ardemusquartet.com\/de\/\",\"name\":\"Ardemus Quartet\",\"description\":\"\",\"potentialAction\":[{\"@type\":\"SearchAction\",\"target\":{\"@type\":\"EntryPoint\",\"urlTemplate\":\"https:\/\/www.ardemusquartet.com\/de\/?s={search_term_string}\"},\"query-input\":{\"@type\":\"PropertyValueSpecification\",\"valueRequired\":true,\"valueName\":\"search_term_string\"}}],\"inLanguage\":\"de\"}]}<\/script>\n<!-- \/ Yoast SEO plugin. -->","yoast_head_json":{"title":"Ardemus Quartet - Ardemus Foundation","robots":{"index":"index","follow":"follow","max-snippet":"max-snippet:-1","max-image-preview":"max-image-preview:large","max-video-preview":"max-video-preview:-1"},"canonical":"https:\/\/www.ardemusquartet.com\/de\/ardemus-foundation\/","og_locale":"de_DE","og_type":"article","og_title":"Ardemus Quartet - Ardemus Foundation","og_description":"Kontakt: stichting@ardemusquartet.com Vorstandsmitglieder: Claartje Gieben \u2013 Vorsitzende\u00a0 Ingeborg Kanij \u2013 Sekret\u00e4rin Jan Cramer \u2013 Schatzmeister Zielsetzung: a. Organisation und\/oder Durchf\u00fchrung von Konzerten, musikalischen und\/oder Musikvermittlungsprojekte, insbesondere, aber nicht ausschliesslich f\u00fcr das Ardemus Quartett; b. F\u00f6rderung (oder Veranlassung der F\u00f6rderung) der &hellip; Lees verder...","og_url":"https:\/\/www.ardemusquartet.com\/de\/ardemus-foundation\/","og_site_name":"Ardemus Quartet","article_modified_time":"2025-10-21T12:51:57+00:00","og_image":[{"width":1600,"height":900,"url":"https:\/\/www.ardemusquartet.com\/wp-content\/uploads\/2021\/03\/screenshot.jpg","type":"image\/jpeg"}],"twitter_card":"summary_large_image","twitter_misc":{"Gesch\u00e4tzte Lesezeit":"1\u00a0Minute"},"schema":{"@context":"https:\/\/schema.org","@graph":[{"@type":"WebPage","@id":"https:\/\/www.ardemusquartet.com\/de\/ardemus-foundation\/","url":"https:\/\/www.ardemusquartet.com\/de\/ardemus-foundation\/","name":"Ardemus Quartet - Ardemus Foundation","isPartOf":{"@id":"https:\/\/www.ardemusquartet.com\/de\/#website"},"datePublished":"2022-03-17T10:50:23+00:00","dateModified":"2025-10-21T12:51:57+00:00","inLanguage":"de","potentialAction":[{"@type":"ReadAction","target":[["https:\/\/www.ardemusquartet.com\/de\/ardemus-foundation\/"]]}]},{"@type":"WebSite","@id":"https:\/\/www.ardemusquartet.com\/de\/#website","url":"https:\/\/www.ardemusquartet.com\/de\/","name":"Ardemus Quartet","description":"","potentialAction":[{"@type":"SearchAction","target":{"@type":"EntryPoint","urlTemplate":"https:\/\/www.ardemusquartet.com\/de\/?s={search_term_string}"},"query-input":{"@type":"PropertyValueSpecification","valueRequired":true,"valueName":"search_term_string"}}],"inLanguage":"de"}]}},"_links":{"self":[{"href":"https:\/\/www.ardemusquartet.com\/de\/wp-json\/wp\/v2\/pages\/1183","targetHints":{"allow":["GET"]}}],"collection":[{"href":"https:\/\/www.ardemusquartet.com\/de\/wp-json\/wp\/v2\/pages"}],"about":[{"href":"https:\/\/www.ardemusquartet.com\/de\/wp-json\/wp\/v2\/types\/page"}],"author":[{"embeddable":true,"href":"https:\/\/www.ardemusquartet.com\/de\/wp-json\/wp\/v2\/users\/1"}],"replies":[{"embeddable":true,"href":"https:\/\/www.ardemusquartet.com\/de\/wp-json\/wp\/v2\/comments?post=1183"}],"version-history":[{"count":40,"href":"https:\/\/www.ardemusquartet.com\/de\/wp-json\/wp\/v2\/pages\/1183\/revisions"}],"predecessor-version":[{"id":2077,"href":"https:\/\/www.ardemusquartet.com\/de\/wp-json\/wp\/v2\/pages\/1183\/revisions\/2077"}],"wp:attachment":[{"href":"https:\/\/www.ardemusquartet.com\/de\/wp-json\/wp\/v2\/media?parent=1183"}],"curies":[{"name":"wp","href":"https:\/\/api.w.org\/{rel}","templated":true}]}}